{"id":1271,"date":"2024-03-05T08:07:15","date_gmt":"2024-03-05T08:07:15","guid":{"rendered":"https:\/\/backspace.agency\/mai\/firma\/"},"modified":"2025-03-06T07:42:47","modified_gmt":"2025-03-06T07:42:47","slug":"firma","status":"publish","type":"page","link":"https:\/\/www.stability-power-banking.com\/de\/firma\/","title":{"rendered":"Firma"},"content":{"rendered":"\t\t<div data-elementor-type=\"wp-page\" data-elementor-id=\"1271\" class=\"elementor elementor-1271 elementor-77\" data-elementor-post-type=\"page\">\n\t\t\t\t<div class=\"elementor-element elementor-element-82b970d e-flex e-con-boxed e-con e-parent\" data-id=\"82b970d\" data-element_type=\"container\" data-settings=\"{&quot;background_background&quot;:&quot;classic&quot;}\">\n\t\t\t\t\t<div class=\"e-con-inner\">\n\t\t\t\t<div class=\"elementor-element elementor-element-855f265 elementor-widget elementor-widget-heading\" data-id=\"855f265\" data-element_type=\"widget\" data-widget_type=\"heading.default\">\n\t\t\t\t<div class=\"elementor-widget-container\">\n\t\t\t\t\t<p class=\"elementor-heading-title elementor-size-default\">UNSERE FIRMA<\/p>\t\t\t\t<\/div>\n\t\t\t\t<\/div>\n\t\t\t\t<div class=\"elementor-element elementor-element-ebafd5d elementor-widget elementor-widget-heading\" data-id=\"ebafd5d\" data-element_type=\"widget\" data-widget_type=\"heading.default\">\n\t\t\t\t<div class=\"elementor-widget-container\">\n\t\t\t\t\t<h1 class=\"elementor-heading-title elementor-size-default\">Ein treuh\u00e4nderischer Partner<span><\/span><\/h1>\t\t\t\t<\/div>\n\t\t\t\t<\/div>\n\t\t\t\t\t<\/div>\n\t\t\t\t<\/div>\n\t\t<div class=\"elementor-element elementor-element-49565b1 e-flex e-con-boxed e-con e-parent\" data-id=\"49565b1\" data-element_type=\"container\" id=\"advantages\">\n\t\t\t\t\t<div class=\"e-con-inner\">\n\t\t<div class=\"elementor-element elementor-element-5a7817f e-flex e-con-boxed e-con e-child\" data-id=\"5a7817f\" data-element_type=\"container\">\n\t\t\t\t\t<div class=\"e-con-inner\">\n\t\t<div class=\"elementor-element elementor-element-06b3062 e-flex e-con-boxed e-con e-child\" data-id=\"06b3062\" data-element_type=\"container\">\n\t\t\t\t\t<div class=\"e-con-inner\">\n\t\t\t\t<div class=\"elementor-element elementor-element-4344ee3 elementor-widget elementor-widget-image\" data-id=\"4344ee3\" data-element_type=\"widget\" data-widget_type=\"image.default\">\n\t\t\t\t<div class=\"elementor-widget-container\">\n\t\t\t\t\t\t\t\t\t\t\t\t\t\t\t<img fetchpriority=\"high\" decoding=\"async\" width=\"800\" height=\"800\" src=\"https:\/\/www.stability-power-banking.com\/wp-content\/uploads\/2024\/03\/high-angle-shot-of-a-group-of-businesspeople-having-a-discussion-in-an-office-1024x1024.jpg\" class=\"attachment-large size-large wp-image-1099\" alt=\"High angle shot of a group of businesspeople having a discussion in an office\" srcset=\"https:\/\/www.stability-power-banking.com\/wp-content\/uploads\/2024\/03\/high-angle-shot-of-a-group-of-businesspeople-having-a-discussion-in-an-office-1024x1024.jpg 1024w, https:\/\/www.stability-power-banking.com\/wp-content\/uploads\/2024\/03\/high-angle-shot-of-a-group-of-businesspeople-having-a-discussion-in-an-office-300x300.jpg 300w, https:\/\/www.stability-power-banking.com\/wp-content\/uploads\/2024\/03\/high-angle-shot-of-a-group-of-businesspeople-having-a-discussion-in-an-office-150x150.jpg 150w, https:\/\/www.stability-power-banking.com\/wp-content\/uploads\/2024\/03\/high-angle-shot-of-a-group-of-businesspeople-having-a-discussion-in-an-office-768x768.jpg 768w, https:\/\/www.stability-power-banking.com\/wp-content\/uploads\/2024\/03\/high-angle-shot-of-a-group-of-businesspeople-having-a-discussion-in-an-office-1536x1536.jpg 1536w, https:\/\/www.stability-power-banking.com\/wp-content\/uploads\/2024\/03\/high-angle-shot-of-a-group-of-businesspeople-having-a-discussion-in-an-office.jpg 2000w\" sizes=\"(max-width: 800px) 100vw, 800px\" \/>\t\t\t\t\t\t\t\t\t\t\t\t\t\t\t<\/div>\n\t\t\t\t<\/div>\n\t\t\t\t\t<\/div>\n\t\t\t\t<\/div>\n\t\t<div class=\"elementor-element elementor-element-5ade7a3 e-flex e-con-boxed e-con e-child\" data-id=\"5ade7a3\" data-element_type=\"container\">\n\t\t\t\t\t<div class=\"e-con-inner\">\n\t\t\t\t<div class=\"elementor-element elementor-element-21f8807 elementor-widget elementor-widget-heading\" data-id=\"21f8807\" data-element_type=\"widget\" data-widget_type=\"heading.default\">\n\t\t\t\t<div class=\"elementor-widget-container\">\n\t\t\t\t\t<p class=\"elementor-heading-title elementor-size-default\">DER Stability Power Banking-VORTEIL<\/p>\t\t\t\t<\/div>\n\t\t\t\t<\/div>\n\t\t\t\t<div class=\"elementor-element elementor-element-12240ad elementor-widget elementor-widget-heading\" data-id=\"12240ad\" data-element_type=\"widget\" data-widget_type=\"heading.default\">\n\t\t\t\t<div class=\"elementor-widget-container\">\n\t\t\t\t\t<h2 class=\"elementor-heading-title elementor-size-default\">Das Komplexe kl\u00e4ren<span><\/span><\/h2>\t\t\t\t<\/div>\n\t\t\t\t<\/div>\n\t\t\t\t<div class=\"elementor-element elementor-element-ec23d5b elementor-widget elementor-widget-text-editor\" data-id=\"ec23d5b\" data-element_type=\"widget\" data-widget_type=\"text-editor.default\">\n\t\t\t\t<div class=\"elementor-widget-container\">\n\t\t\t\t\t\t\t\t\t<p>Wir verfolgen einen sehr pers\u00f6nlichen Ansatz und bieten objektive, ma\u00dfgeschneiderte Beratung, integriertes Verm\u00f6gensmanagement und Zugang zu privaten Investitionen, um Kunden dabei zu helfen, ihre Ziele zu erreichen und ein Verm\u00f6gen aufzubauen, das Bestand hat.<\/p>\n\t\t\t\t\t\t\t\t<\/div>\n\t\t\t\t<\/div>\n\t\t\t\t<div class=\"elementor-element elementor-element-a2d86b2 elementor-widget elementor-widget-text-editor\" data-id=\"a2d86b2\" data-element_type=\"widget\" data-widget_type=\"text-editor.default\">\n\t\t\t\t<div class=\"elementor-widget-container\">\n\t\t\t\t\t\t\t\t\t<h3 style=\"font-size: 18px; line-height: 10px;\"> Treuh\u00e4nder <\/h3>\nEine Pflicht, im besten Interesse Ihres finanziellen Wohlergehens zu handeln.\t\t\t\t\t\t\t\t<\/div>\n\t\t\t\t<\/div>\n\t\t\t\t<div class=\"elementor-element elementor-element-0fa683f elementor-widget elementor-widget-text-editor\" data-id=\"0fa683f\" data-element_type=\"widget\" data-widget_type=\"text-editor.default\">\n\t\t\t\t<div class=\"elementor-widget-container\">\n\t\t\t\t\t\t\t\t\t<h3 style=\"font-size: 18px; line-height: 10px;\">Integriert und umfassend<\/h3>\nEin vollst\u00e4ndiges Angebot an Verm\u00f6gensdienstleistungen, L\u00f6sungen und alternativen Investitionen.\t\t\t\t\t\t\t\t<\/div>\n\t\t\t\t<\/div>\n\t\t\t\t<div class=\"elementor-element elementor-element-2b5f589 elementor-widget elementor-widget-text-editor\" data-id=\"2b5f589\" data-element_type=\"widget\" data-widget_type=\"text-editor.default\">\n\t\t\t\t<div class=\"elementor-widget-container\">\n\t\t\t\t\t\t\t\t\t<h3 style=\"font-size: 18px; line-height: 10px;\">Hochgradig personalisiert<\/h3>\nEin ma\u00dfgeschneiderter Ansatz mit proaktiven Ideen und Probleml\u00f6sungen.\t\t\t\t\t\t\t\t<\/div>\n\t\t\t\t<\/div>\n\t\t\t\t<div class=\"elementor-element elementor-element-3e90fee elementor-widget elementor-widget-text-editor\" data-id=\"3e90fee\" data-element_type=\"widget\" data-widget_type=\"text-editor.default\">\n\t\t\t\t<div class=\"elementor-widget-container\">\n\t\t\t\t\t\t\t\t\t<h3 style=\"font-size: 18px; line-height: 10px;\">Intern und erfahren<\/h3>\nEin engagiertes und qualifiziertes Team, unterst\u00fctzt durch unser vertrauensw\u00fcrdiges Netzwerk.\t\t\t\t\t\t\t\t<\/div>\n\t\t\t\t<\/div>\n\t\t\t\t\t<\/div>\n\t\t\t\t<\/div>\n\t\t\t\t\t<\/div>\n\t\t\t\t<\/div>\n\t\t\t\t\t<\/div>\n\t\t\t\t<\/div>\n\t\t<div class=\"elementor-element elementor-element-421d8e8 e-flex e-con-boxed e-con e-parent\" data-id=\"421d8e8\" data-element_type=\"container\" data-settings=\"{&quot;background_background&quot;:&quot;classic&quot;}\">\n\t\t\t\t\t<div class=\"e-con-inner\">\n\t\t\t\t<div class=\"elementor-element elementor-element-cbb2cf3 elementor-widget elementor-widget-heading\" data-id=\"cbb2cf3\" data-element_type=\"widget\" data-widget_type=\"heading.default\">\n\t\t\t\t<div class=\"elementor-widget-container\">\n\t\t\t\t\t<p class=\"elementor-heading-title elementor-size-default\">Unsere S\u00e4ulen<\/p>\t\t\t\t<\/div>\n\t\t\t\t<\/div>\n\t\t\t\t<div class=\"elementor-element elementor-element-2c93d80 elementor-widget elementor-widget-heading\" data-id=\"2c93d80\" data-element_type=\"widget\" data-widget_type=\"heading.default\">\n\t\t\t\t<div class=\"elementor-widget-container\">\n\t\t\t\t\t<h2 class=\"elementor-heading-title elementor-size-default\">Sich k\u00fcmmern um<span><\/span> <span><\/span> <span><\/span><\/h2>\t\t\t\t<\/div>\n\t\t\t\t<\/div>\n\t\t\t\t<div class=\"elementor-element elementor-element-50b326d elementor-widget-divider--view-line elementor-widget elementor-widget-divider\" data-id=\"50b326d\" data-element_type=\"widget\" data-widget_type=\"divider.default\">\n\t\t\t\t<div class=\"elementor-widget-container\">\n\t\t\t\t\t\t\t<div class=\"elementor-divider\">\n\t\t\t<span class=\"elementor-divider-separator\">\n\t\t\t\t\t\t<\/span>\n\t\t<\/div>\n\t\t\t\t\t\t<\/div>\n\t\t\t\t<\/div>\n\t\t<div class=\"elementor-element elementor-element-553e462 e-flex e-con-boxed e-con e-child\" data-id=\"553e462\" data-element_type=\"container\">\n\t\t\t\t\t<div class=\"e-con-inner\">\n\t\t<div class=\"elementor-element elementor-element-f2e744f e-flex e-con-boxed e-con e-child\" data-id=\"f2e744f\" data-element_type=\"container\">\n\t\t\t\t\t<div class=\"e-con-inner\">\n\t\t\t\t<div class=\"elementor-element elementor-element-af59b5c elementor-widget elementor-widget-heading\" data-id=\"af59b5c\" data-element_type=\"widget\" data-widget_type=\"heading.default\">\n\t\t\t\t<div class=\"elementor-widget-container\">\n\t\t\t\t\t<h2 class=\"elementor-heading-title elementor-size-default\">Unsere Kunden<\/h2>\t\t\t\t<\/div>\n\t\t\t\t<\/div>\n\t\t\t\t<div class=\"elementor-element elementor-element-3044071 elementor-widget elementor-widget-text-editor\" data-id=\"3044071\" data-element_type=\"widget\" data-widget_type=\"text-editor.default\">\n\t\t\t\t<div class=\"elementor-widget-container\">\n\t\t\t\t\t\t\t\t\t<p>Alles, was wir tun, wird von einem starken Zweck angetrieben: unsere Kunden zu bef\u00e4higen, ihren Wohlstand, den sie so hart erarbeitet haben, zu vereinfachen, zu sch\u00fctzen und zu vermehren \u2013 und ihnen dadurch Zeit zu verschaffen, um ihn zu genie\u00dfen.<\/p>\n\t\t\t\t\t\t\t\t<\/div>\n\t\t\t\t<\/div>\n\t\t\t\t\t<\/div>\n\t\t\t\t<\/div>\n\t\t<div class=\"elementor-element elementor-element-0637a6b e-flex e-con-boxed e-con e-child\" data-id=\"0637a6b\" data-element_type=\"container\">\n\t\t\t\t\t<div class=\"e-con-inner\">\n\t\t\t\t<div class=\"elementor-element elementor-element-c5a217c elementor-widget elementor-widget-heading\" data-id=\"c5a217c\" data-element_type=\"widget\" data-widget_type=\"heading.default\">\n\t\t\t\t<div class=\"elementor-widget-container\">\n\t\t\t\t\t<h2 class=\"elementor-heading-title elementor-size-default\">Unser Engagement<\/h2>\t\t\t\t<\/div>\n\t\t\t\t<\/div>\n\t\t\t\t<div class=\"elementor-element elementor-element-a9b3cb2 elementor-widget elementor-widget-text-editor\" data-id=\"a9b3cb2\" data-element_type=\"widget\" data-widget_type=\"text-editor.default\">\n\t\t\t\t<div class=\"elementor-widget-container\">\n\t\t\t\t\t\t\t\t\tBei Stability Power Banking &#038; Dynamic Star Solution haben wir eine werteorientierte Unternehmenskultur geschaffen, die von einem tiefen Engagement f\u00fcr den Dienst am Kunden gepr\u00e4gt ist. Unser Erfolg basiert auf Insere S\u00e4ulen Zusammenarbeit und gegenseitigem Vertrauen. Daher f\u00f6rdern wir ein Umfeld, in dem Mitarbeiter offen und ehrlich Sich k\u00fcmmern um &#8211; kommunizieren, Ideen teilen und verantwortungsvoll handeln.\t\t\t\t\t\t\t\t<\/div>\n\t\t\t\t<\/div>\n\t\t\t\t\t<\/div>\n\t\t\t\t<\/div>\n\t\t<div class=\"elementor-element elementor-element-94b5e29 e-flex e-con-boxed e-con e-child\" data-id=\"94b5e29\" data-element_type=\"container\">\n\t\t\t\t\t<div class=\"e-con-inner\">\n\t\t\t\t<div class=\"elementor-element elementor-element-0443df9 elementor-widget elementor-widget-heading\" data-id=\"0443df9\" data-element_type=\"widget\" data-widget_type=\"heading.default\">\n\t\t\t\t<div class=\"elementor-widget-container\">\n\t\t\t\t\t<h2 class=\"elementor-heading-title elementor-size-default\">Unsere Gemeinschaften<\/h2>\t\t\t\t<\/div>\n\t\t\t\t<\/div>\n\t\t\t\t<div class=\"elementor-element elementor-element-2ddff40 elementor-widget elementor-widget-text-editor\" data-id=\"2ddff40\" data-element_type=\"widget\" data-widget_type=\"text-editor.default\">\n\t\t\t\t<div class=\"elementor-widget-container\">\n\t\t\t\t\t\t\t\t\t<p>Wir nehmen eine aktive Rolle in unseren Gemeinschaften ein, um mit anderen in Verbindung zu treten, unsere Erfolge weiterzugeben und Ressourcen zu teilen. Bei Stability Power Banking &amp; Dynamic Star Solution sind wir Diener \u2013 unserer Kunden, einander und unserer Gemeinschaften.<\/p>\n\t\t\t\t\t\t\t\t<\/div>\n\t\t\t\t<\/div>\n\t\t\t\t\t<\/div>\n\t\t\t\t<\/div>\n\t\t\t\t\t<\/div>\n\t\t\t\t<\/div>\n\t\t\t\t\t<\/div>\n\t\t\t\t<\/div>\n\t\t<div class=\"elementor-element elementor-element-4440d8e e-flex e-con-boxed e-con e-parent\" data-id=\"4440d8e\" data-element_type=\"container\" data-settings=\"{&quot;background_background&quot;:&quot;classic&quot;}\">\n\t\t\t\t\t<div class=\"e-con-inner\">\n\t\t\t\t<div class=\"elementor-element elementor-element-7725048 elementor-absolute elementor-widget elementor-widget-text-editor\" data-id=\"7725048\" data-element_type=\"widget\" data-settings=\"{&quot;_position&quot;:&quot;absolute&quot;}\" data-widget_type=\"text-editor.default\">\n\t\t\t\t<div class=\"elementor-widget-container\">\n\t\t\t\t\t\t\t\t\t<p>*12\/31\/2023<\/p>\n\t\t\t\t\t\t\t\t<\/div>\n\t\t\t\t<\/div>\n\t\t\t\t<div class=\"elementor-element elementor-element-eb0a8e8 elementor-widget elementor-widget-heading\" data-id=\"eb0a8e8\" data-element_type=\"widget\" data-widget_type=\"heading.default\">\n\t\t\t\t<div class=\"elementor-widget-container\">\n\t\t\t\t\t<h2 class=\"elementor-heading-title elementor-size-default\">Stability Power Banking auf einen Blick*<span><\/span><\/h2>\t\t\t\t<\/div>\n\t\t\t\t<\/div>\n\t\t<div class=\"elementor-element elementor-element-910eb94 e-flex e-con-boxed e-con e-child\" data-id=\"910eb94\" data-element_type=\"container\">\n\t\t\t\t\t<div class=\"e-con-inner\">\n\t\t<div class=\"elementor-element elementor-element-ce96330 e-flex e-con-boxed e-con e-child\" data-id=\"ce96330\" data-element_type=\"container\">\n\t\t\t\t\t<div class=\"e-con-inner\">\n\t\t\t\t<div class=\"elementor-element elementor-element-63b5ce7 elementor-widget elementor-widget-heading\" data-id=\"63b5ce7\" data-element_type=\"widget\" data-widget_type=\"heading.default\">\n\t\t\t\t<div class=\"elementor-widget-container\">\n\t\t\t\t\t<h2 class=\"elementor-heading-title elementor-size-default\">$18.8bn<\/h2>\t\t\t\t<\/div>\n\t\t\t\t<\/div>\n\t\t\t\t<div class=\"elementor-element elementor-element-d9110fb elementor-widget-divider--view-line elementor-widget elementor-widget-divider\" data-id=\"d9110fb\" data-element_type=\"widget\" data-widget_type=\"divider.default\">\n\t\t\t\t<div class=\"elementor-widget-container\">\n\t\t\t\t\t\t\t<div class=\"elementor-divider\">\n\t\t\t<span class=\"elementor-divider-separator\">\n\t\t\t\t\t\t<\/span>\n\t\t<\/div>\n\t\t\t\t\t\t<\/div>\n\t\t\t\t<\/div>\n\t\t\t\t<div class=\"elementor-element elementor-element-a1be9b1 elementor-widget elementor-widget-text-editor\" data-id=\"a1be9b1\" data-element_type=\"widget\" data-widget_type=\"text-editor.default\">\n\t\t\t\t<div class=\"elementor-widget-container\">\n\t\t\t\t\t\t\t\t\t<p>Verm\u00f6genswerte unter Verwaltung<\/p>\n\t\t\t\t\t\t\t\t<\/div>\n\t\t\t\t<\/div>\n\t\t\t\t\t<\/div>\n\t\t\t\t<\/div>\n\t\t<div class=\"elementor-element elementor-element-1d9e5a9 e-flex e-con-boxed e-con e-child\" data-id=\"1d9e5a9\" data-element_type=\"container\">\n\t\t\t\t\t<div class=\"e-con-inner\">\n\t\t\t\t<div class=\"elementor-element elementor-element-cedd1ac elementor-widget elementor-widget-heading\" data-id=\"cedd1ac\" data-element_type=\"widget\" data-widget_type=\"heading.default\">\n\t\t\t\t<div class=\"elementor-widget-container\">\n\t\t\t\t\t<h2 class=\"elementor-heading-title elementor-size-default\">23<\/h2>\t\t\t\t<\/div>\n\t\t\t\t<\/div>\n\t\t\t\t<div class=\"elementor-element elementor-element-7f24868 elementor-widget-divider--view-line elementor-widget elementor-widget-divider\" data-id=\"7f24868\" data-element_type=\"widget\" data-widget_type=\"divider.default\">\n\t\t\t\t<div class=\"elementor-widget-container\">\n\t\t\t\t\t\t\t<div class=\"elementor-divider\">\n\t\t\t<span class=\"elementor-divider-separator\">\n\t\t\t\t\t\t<\/span>\n\t\t<\/div>\n\t\t\t\t\t\t<\/div>\n\t\t\t\t<\/div>\n\t\t\t\t<div class=\"elementor-element elementor-element-302efbb elementor-widget elementor-widget-text-editor\" data-id=\"302efbb\" data-element_type=\"widget\" data-widget_type=\"text-editor.default\">\n\t\t\t\t<div class=\"elementor-widget-container\">\n\t\t\t\t\t\t\t\t\t<p>B\u00fcros bundesweit<\/p>\n\t\t\t\t\t\t\t\t<\/div>\n\t\t\t\t<\/div>\n\t\t\t\t\t<\/div>\n\t\t\t\t<\/div>\n\t\t<div class=\"elementor-element elementor-element-06de998 e-flex e-con-boxed e-con e-child\" data-id=\"06de998\" data-element_type=\"container\">\n\t\t\t\t\t<div class=\"e-con-inner\">\n\t\t\t\t<div class=\"elementor-element elementor-element-145fec4 elementor-widget elementor-widget-heading\" data-id=\"145fec4\" data-element_type=\"widget\" data-widget_type=\"heading.default\">\n\t\t\t\t<div class=\"elementor-widget-container\">\n\t\t\t\t\t<h2 class=\"elementor-heading-title elementor-size-default\">400+<\/h2>\t\t\t\t<\/div>\n\t\t\t\t<\/div>\n\t\t\t\t<div class=\"elementor-element elementor-element-bc7a77d elementor-widget-divider--view-line elementor-widget elementor-widget-divider\" data-id=\"bc7a77d\" data-element_type=\"widget\" data-widget_type=\"divider.default\">\n\t\t\t\t<div class=\"elementor-widget-container\">\n\t\t\t\t\t\t\t<div class=\"elementor-divider\">\n\t\t\t<span class=\"elementor-divider-separator\">\n\t\t\t\t\t\t<\/span>\n\t\t<\/div>\n\t\t\t\t\t\t<\/div>\n\t\t\t\t<\/div>\n\t\t\t\t<div class=\"elementor-element elementor-element-7cfc1cd elementor-widget elementor-widget-text-editor\" data-id=\"7cfc1cd\" data-element_type=\"widget\" data-widget_type=\"text-editor.default\">\n\t\t\t\t<div class=\"elementor-widget-container\">\n\t\t\t\t\t\t\t\t\t<p>Mitarbeiter<\/p>\n\t\t\t\t\t\t\t\t<\/div>\n\t\t\t\t<\/div>\n\t\t\t\t\t<\/div>\n\t\t\t\t<\/div>\n\t\t\t\t\t<\/div>\n\t\t\t\t<\/div>\n\t\t\t\t\t<\/div>\n\t\t\t\t<\/div>\n\t\t<div class=\"elementor-element elementor-element-415aeb5 e-flex e-con-boxed e-con e-parent\" data-id=\"415aeb5\" data-element_type=\"container\" id=\"community\" data-settings=\"{&quot;background_background&quot;:&quot;classic&quot;}\">\n\t\t\t\t\t<div class=\"e-con-inner\">\n\t\t\t\t<div class=\"elementor-element elementor-element-30a3907 elementor-widget elementor-widget-heading\" data-id=\"30a3907\" data-element_type=\"widget\" data-widget_type=\"heading.default\">\n\t\t\t\t<div class=\"elementor-widget-container\">\n\t\t\t\t\t<h2 class=\"elementor-heading-title elementor-size-default\">Community-Fokus<span><\/span><\/h2>\t\t\t\t<\/div>\n\t\t\t\t<\/div>\n\t\t\t\t<div class=\"elementor-element elementor-element-ac0ebc8 elementor-widget elementor-widget-text-editor\" data-id=\"ac0ebc8\" data-element_type=\"widget\" data-widget_type=\"text-editor.default\">\n\t\t\t\t<div class=\"elementor-widget-container\">\n\t\t\t\t\t\t\t\t\t<p>Stability Power Banking &amp; Dynamic Star Solution hat eine Kultur des Dienstes aufgebaut und ermutigt alle Mitarbeiter, ihre Zeit, ihren Reichtum oder ihr Talent innerhalb ihrer Gemeinschaften im ganzen Land zu teilen.<\/p>\n\t\t\t\t\t\t\t\t<\/div>\n\t\t\t\t<\/div>\n\t\t<div class=\"elementor-element elementor-element-bfdffb8 e-flex e-con-boxed e-con e-child\" data-id=\"bfdffb8\" data-element_type=\"container\">\n\t\t\t\t\t<div class=\"e-con-inner\">\n\t\t\t\t<div class=\"elementor-element elementor-element-bb1d9e2 elementor-arrows-position-outside elementor-widget elementor-widget-image-carousel\" data-id=\"bb1d9e2\" data-element_type=\"widget\" data-settings=\"{&quot;navigation&quot;:&quot;arrows&quot;,&quot;autoplay&quot;:&quot;no&quot;,&quot;speed&quot;:300,&quot;infinite&quot;:&quot;yes&quot;}\" data-widget_type=\"image-carousel.default\">\n\t\t\t\t<div class=\"elementor-widget-container\">\n\t\t\t\t\t\t\t<div class=\"elementor-image-carousel-wrapper swiper\" role=\"region\" aria-roledescription=\"carousel\" aria-label=\"Image Carousel\" dir=\"ltr\">\n\t\t\t<div class=\"elementor-image-carousel swiper-wrapper\" aria-live=\"polite\">\n\t\t\t\t\t\t\t\t<div class=\"swiper-slide\" role=\"group\" aria-roledescription=\"slide\" aria-label=\"1 von 3\"><figure class=\"swiper-slide-inner\"><img decoding=\"async\" class=\"swiper-slide-image\" src=\"https:\/\/www.stability-power-banking.com\/wp-content\/uploads\/2024\/03\/jpmorgan.jpg\" alt=\"\" \/><\/figure><\/div><div class=\"swiper-slide\" role=\"group\" aria-roledescription=\"slide\" aria-label=\"2 von 3\"><figure class=\"swiper-slide-inner\"><img decoding=\"async\" class=\"swiper-slide-image\" src=\"https:\/\/www.stability-power-banking.com\/wp-content\/uploads\/2024\/03\/Coamerica.jpg\" alt=\"\" \/><\/figure><\/div><div class=\"swiper-slide\" role=\"group\" aria-roledescription=\"slide\" aria-label=\"3 von 3\"><figure class=\"swiper-slide-inner\"><img decoding=\"async\" class=\"swiper-slide-image\" src=\"https:\/\/www.stability-power-banking.com\/wp-content\/uploads\/2024\/03\/wf.jpg\" alt=\"\" \/><\/figure><\/div>\t\t\t<\/div>\n\t\t\t\t\t\t\t\t\t\t\t\t<div class=\"elementor-swiper-button elementor-swiper-button-prev\" role=\"button\" tabindex=\"0\">\n\t\t\t\t\t\t<svg aria-hidden=\"true\" class=\"e-font-icon-svg e-eicon-chevron-left\" viewBox=\"0 0 1000 1000\" xmlns=\"http:\/\/www.w3.org\/2000\/svg\"><path d=\"M646 125C629 125 613 133 604 142L308 442C296 454 292 471 292 487 292 504 296 521 308 533L604 854C617 867 629 875 646 875 663 875 679 871 692 858 704 846 713 829 713 812 713 796 708 779 692 767L438 487 692 225C700 217 708 204 708 187 708 171 704 154 692 142 675 129 663 125 646 125Z\"><\/path><\/svg>\t\t\t\t\t<\/div>\n\t\t\t\t\t<div class=\"elementor-swiper-button elementor-swiper-button-next\" role=\"button\" tabindex=\"0\">\n\t\t\t\t\t\t<svg aria-hidden=\"true\" class=\"e-font-icon-svg e-eicon-chevron-right\" viewBox=\"0 0 1000 1000\" xmlns=\"http:\/\/www.w3.org\/2000\/svg\"><path d=\"M696 533C708 521 713 504 713 487 713 471 708 454 696 446L400 146C388 133 375 125 354 125 338 125 325 129 313 142 300 154 292 171 292 187 292 204 296 221 308 233L563 492 304 771C292 783 288 800 288 817 288 833 296 850 308 863 321 871 338 875 354 875 371 875 388 867 400 854L696 533Z\"><\/path><\/svg>\t\t\t\t\t<\/div>\n\t\t\t\t\n\t\t\t\t\t\t\t\t\t<\/div>\n\t\t\t\t\t\t<\/div>\n\t\t\t\t<\/div>\n\t\t\t\t\t<\/div>\n\t\t\t\t<\/div>\n\t\t\t\t\t<\/div>\n\t\t\t\t<\/div>\n\t\t<div class=\"elementor-element elementor-element-2b1fd5c e-flex e-con-boxed e-con e-parent\" data-id=\"2b1fd5c\" data-element_type=\"container\">\n\t\t\t\t\t<div class=\"e-con-inner\">\n\t\t\t\t<div class=\"elementor-element elementor-element-54cd4e8 elementor-widget elementor-widget-heading\" data-id=\"54cd4e8\" data-element_type=\"widget\" data-widget_type=\"heading.default\">\n\t\t\t\t<div class=\"elementor-widget-container\">\n\t\t\t\t\t<h3 class=\"elementor-heading-title elementor-size-default\">Wir freuen uns darauf, mehr \u00fcber Ihre finanziellen Ziele zu erfahren.<\/h3>\t\t\t\t<\/div>\n\t\t\t\t<\/div>\n\t\t\t\t<div class=\"elementor-element elementor-element-3d31088 elementor-align-center elementor-widget elementor-widget-button\" data-id=\"3d31088\" data-element_type=\"widget\" data-widget_type=\"button.default\">\n\t\t\t\t<div class=\"elementor-widget-container\">\n\t\t\t\t\t\t\t\t\t<div class=\"elementor-button-wrapper\">\n\t\t\t\t\t<a class=\"elementor-button elementor-button-link elementor-size-sm\" href=\"https:\/\/www.stability-power-banking.com\/contact-us\/\">\n\t\t\t\t\t\t<span class=\"elementor-button-content-wrapper\">\n\t\t\t\t\t\t\t\t\t<span class=\"elementor-button-text\">LASSEN SIE UNS SPRECHEN<\/span>\n\t\t\t\t\t<\/span>\n\t\t\t\t\t<\/a>\n\t\t\t\t<\/div>\n\t\t\t\t\t\t\t\t<\/div>\n\t\t\t\t<\/div>\n\t\t\t\t\t<\/div>\n\t\t\t\t<\/div>\n\t\t\t\t<\/div>\n\t\t","protected":false},"excerpt":{"rendered":"<p>UNSERE FIRMA Ein treuh\u00e4nderischer Partner DER Stability Power Banking-VORTEIL Das Komplexe kl\u00e4ren Wir verfolgen einen sehr pers\u00f6nlichen Ansatz und bieten objektive, ma\u00dfgeschneiderte Beratung, integriertes Verm\u00f6gensmanagement und Zugang zu privaten Investitionen, um Kunden dabei zu helfen, ihre Ziele zu erreichen und ein Verm\u00f6gen aufzubauen, das Bestand hat. Treuh\u00e4nder Eine Pflicht, im besten Interesse Ihres finanziellen Wohlergehens [&hellip;]<\/p>\n","protected":false},"author":2,"featured_media":0,"parent":0,"menu_order":0,"comment_status":"closed","ping_status":"closed","template":"","meta":{"footnotes":""},"class_list":["post-1271","page","type-page","status-publish","hentry"],"_links":{"self":[{"href":"https:\/\/www.stability-power-banking.com\/de\/wp-json\/wp\/v2\/pages\/1271","targetHints":{"allow":["GET"]}}],"collection":[{"href":"https:\/\/www.stability-power-banking.com\/de\/wp-json\/wp\/v2\/pages"}],"about":[{"href":"https:\/\/www.stability-power-banking.com\/de\/wp-json\/wp\/v2\/types\/page"}],"author":[{"embeddable":true,"href":"https:\/\/www.stability-power-banking.com\/de\/wp-json\/wp\/v2\/users\/2"}],"replies":[{"embeddable":true,"href":"https:\/\/www.stability-power-banking.com\/de\/wp-json\/wp\/v2\/comments?post=1271"}],"version-history":[{"count":7,"href":"https:\/\/www.stability-power-banking.com\/de\/wp-json\/wp\/v2\/pages\/1271\/revisions"}],"predecessor-version":[{"id":1557,"href":"https:\/\/www.stability-power-banking.com\/de\/wp-json\/wp\/v2\/pages\/1271\/revisions\/1557"}],"wp:attachment":[{"href":"https:\/\/www.stability-power-banking.com\/de\/wp-json\/wp\/v2\/media?parent=1271"}],"curies":[{"name":"wp","href":"https:\/\/api.w.org\/{rel}","templated":true}]}}