{"id":1283,"date":"2024-03-13T22:38:12","date_gmt":"2024-03-13T22:38:12","guid":{"rendered":"https:\/\/backspace.agency\/mai\/investieren\/"},"modified":"2024-04-08T10:06:36","modified_gmt":"2024-04-08T10:06:36","slug":"investieren","status":"publish","type":"page","link":"https:\/\/www.stability-power-banking.com\/de\/investieren\/","title":{"rendered":"Investieren"},"content":{"rendered":"\t\t<div data-elementor-type=\"wp-page\" data-elementor-id=\"1283\" class=\"elementor elementor-1283 elementor-1157\" data-elementor-post-type=\"page\">\n\t\t\t\t<div class=\"elementor-element elementor-element-51a9d80 e-flex e-con-boxed e-con e-parent\" data-id=\"51a9d80\" data-element_type=\"container\" data-settings=\"{&quot;background_background&quot;:&quot;classic&quot;}\">\n\t\t\t\t\t<div class=\"e-con-inner\">\n\t\t\t\t<div class=\"elementor-element elementor-element-5be404b elementor-widget elementor-widget-heading\" data-id=\"5be404b\" data-element_type=\"widget\" data-widget_type=\"heading.default\">\n\t\t\t\t<div class=\"elementor-widget-container\">\n\t\t\t\t\t<p class=\"elementor-heading-title elementor-size-default\">Dazu beitragen, Portfolios zu verbessern.\n\n<\/p>\t\t\t\t<\/div>\n\t\t\t\t<\/div>\n\t\t\t\t<div class=\"elementor-element elementor-element-60a0aad elementor-widget elementor-widget-heading\" data-id=\"60a0aad\" data-element_type=\"widget\" data-widget_type=\"heading.default\">\n\t\t\t\t<div class=\"elementor-widget-container\">\n\t\t\t\t\t<h1 class=\"elementor-heading-title elementor-size-default\">Strategien von institutioneller Qualit\u00e4t\n<\/h1>\t\t\t\t<\/div>\n\t\t\t\t<\/div>\n\t\t\t\t\t<\/div>\n\t\t\t\t<\/div>\n\t\t<div class=\"elementor-element elementor-element-fadcdd4 e-flex e-con-boxed e-con e-parent\" data-id=\"fadcdd4\" data-element_type=\"container\">\n\t\t\t\t\t<div class=\"e-con-inner\">\n\t\t<div class=\"elementor-element elementor-element-9cb7520 e-flex e-con-boxed e-con e-child\" data-id=\"9cb7520\" data-element_type=\"container\">\n\t\t\t\t\t<div class=\"e-con-inner\">\n\t\t<div class=\"elementor-element elementor-element-d9b5437 e-flex e-con-boxed e-con e-child\" data-id=\"d9b5437\" data-element_type=\"container\">\n\t\t\t\t\t<div class=\"e-con-inner\">\n\t\t\t\t<div class=\"elementor-element elementor-element-bc2ef9f elementor-widget elementor-widget-image\" data-id=\"bc2ef9f\" data-element_type=\"widget\" data-widget_type=\"image.default\">\n\t\t\t\t<div class=\"elementor-widget-container\">\n\t\t\t\t\t\t\t\t\t\t\t\t\t\t\t<img fetchpriority=\"high\" decoding=\"async\" width=\"800\" height=\"800\" src=\"https:\/\/www.stability-power-banking.com\/wp-content\/uploads\/2024\/03\/business-people-working-on-a-laptop-1024x1024.jpg\" class=\"attachment-large size-large wp-image-1225\" alt=\"\" srcset=\"https:\/\/www.stability-power-banking.com\/wp-content\/uploads\/2024\/03\/business-people-working-on-a-laptop-1024x1024.jpg 1024w, https:\/\/www.stability-power-banking.com\/wp-content\/uploads\/2024\/03\/business-people-working-on-a-laptop-300x300.jpg 300w, https:\/\/www.stability-power-banking.com\/wp-content\/uploads\/2024\/03\/business-people-working-on-a-laptop-150x150.jpg 150w, https:\/\/www.stability-power-banking.com\/wp-content\/uploads\/2024\/03\/business-people-working-on-a-laptop-768x768.jpg 768w, https:\/\/www.stability-power-banking.com\/wp-content\/uploads\/2024\/03\/business-people-working-on-a-laptop-1536x1536.jpg 1536w, https:\/\/www.stability-power-banking.com\/wp-content\/uploads\/2024\/03\/business-people-working-on-a-laptop.jpg 2000w\" sizes=\"(max-width: 800px) 100vw, 800px\" \/>\t\t\t\t\t\t\t\t\t\t\t\t\t\t\t<\/div>\n\t\t\t\t<\/div>\n\t\t\t\t\t<\/div>\n\t\t\t\t<\/div>\n\t\t<div class=\"elementor-element elementor-element-a4e8b98 e-flex e-con-boxed e-con e-child\" data-id=\"a4e8b98\" data-element_type=\"container\">\n\t\t\t\t\t<div class=\"e-con-inner\">\n\t\t\t\t<div class=\"elementor-element elementor-element-25862e7 elementor-widget elementor-widget-heading\" data-id=\"25862e7\" data-element_type=\"widget\" data-widget_type=\"heading.default\">\n\t\t\t\t<div class=\"elementor-widget-container\">\n\t\t\t\t\t<p class=\"elementor-heading-title elementor-size-default\">Stability Power Banking INVESTMENT MANAGEMENT\n<\/p>\t\t\t\t<\/div>\n\t\t\t\t<\/div>\n\t\t\t\t<div class=\"elementor-element elementor-element-de9610b elementor-widget elementor-widget-heading\" data-id=\"de9610b\" data-element_type=\"widget\" data-widget_type=\"heading.default\">\n\t\t\t\t<div class=\"elementor-widget-container\">\n\t\t\t\t\t<h2 class=\"elementor-heading-title elementor-size-default\">Gezielte L\u00f6sungen<span><\/span><\/h2>\t\t\t\t<\/div>\n\t\t\t\t<\/div>\n\t\t\t\t<div class=\"elementor-element elementor-element-cfe4ba6 elementor-widget elementor-widget-text-editor\" data-id=\"cfe4ba6\" data-element_type=\"widget\" data-widget_type=\"text-editor.default\">\n\t\t\t\t<div class=\"elementor-widget-container\">\n\t\t\t\t\t\t\t\t\t<div class=\"text_content\">\n<p>Stability Power Banking &amp; Dynamic Star Solution Investment Management bietet gezielte Anlagel\u00f6sungen f\u00fcr Finanzberater an. Unsere Mission ist es, Finanzberater und Institutionen mit L\u00f6sungen zu unterst\u00fctzen, die \u00fcber dedizierte Kommunikations-, Vertriebs- und Due-Diligence-Ressourcen verf\u00fcgen.<\/p>\n<\/div>\n\t\t\t\t\t\t\t\t<\/div>\n\t\t\t\t<\/div>\n\t\t\t\t<div class=\"elementor-element elementor-element-4a9dde9 elementor-align-left elementor-widget elementor-widget-button\" data-id=\"4a9dde9\" data-element_type=\"widget\" data-widget_type=\"button.default\">\n\t\t\t\t<div class=\"elementor-widget-container\">\n\t\t\t\t\t\t\t\t\t<div class=\"elementor-button-wrapper\">\n\t\t\t\t\t<a class=\"elementor-button elementor-button-link elementor-size-sm\" href=\"https:\/\/www.stability-power-banking.com\/de\/kontaktiere-uns\/\">\n\t\t\t\t\t\t<span class=\"elementor-button-content-wrapper\">\n\t\t\t\t\t\t\t\t\t<span class=\"elementor-button-text\">Mehr \u203a<\/span>\n\t\t\t\t\t<\/span>\n\t\t\t\t\t<\/a>\n\t\t\t\t<\/div>\n\t\t\t\t\t\t\t\t<\/div>\n\t\t\t\t<\/div>\n\t\t\t\t\t<\/div>\n\t\t\t\t<\/div>\n\t\t\t\t\t<\/div>\n\t\t\t\t<\/div>\n\t\t\t\t\t<\/div>\n\t\t\t\t<\/div>\n\t\t<div class=\"elementor-element elementor-element-6a3bd75 e-flex e-con-boxed e-con e-parent\" data-id=\"6a3bd75\" data-element_type=\"container\" data-settings=\"{&quot;background_background&quot;:&quot;classic&quot;}\">\n\t\t\t\t\t<div class=\"e-con-inner\">\n\t\t\t\t<div class=\"elementor-element elementor-element-b8e503d elementor-absolute elementor-widget elementor-widget-text-editor\" data-id=\"b8e503d\" data-element_type=\"widget\" data-settings=\"{&quot;_position&quot;:&quot;absolute&quot;}\" data-widget_type=\"text-editor.default\">\n\t\t\t\t<div class=\"elementor-widget-container\">\n\t\t\t\t\t\t\t\t\t<p>*12\/31\/2023<\/p>\n\t\t\t\t\t\t\t\t<\/div>\n\t\t\t\t<\/div>\n\t\t\t\t<div class=\"elementor-element elementor-element-09a25db elementor-widget elementor-widget-heading\" data-id=\"09a25db\" data-element_type=\"widget\" data-widget_type=\"heading.default\">\n\t\t\t\t<div class=\"elementor-widget-container\">\n\t\t\t\t\t<h2 class=\"elementor-heading-title elementor-size-default\">Stability Power Banking auf einen Blick*<span><\/span><\/h2>\t\t\t\t<\/div>\n\t\t\t\t<\/div>\n\t\t<div class=\"elementor-element elementor-element-b0bf4c0 e-flex e-con-boxed e-con e-child\" data-id=\"b0bf4c0\" data-element_type=\"container\">\n\t\t\t\t\t<div class=\"e-con-inner\">\n\t\t<div class=\"elementor-element elementor-element-5a24cbc e-flex e-con-boxed e-con e-child\" data-id=\"5a24cbc\" data-element_type=\"container\">\n\t\t\t\t\t<div class=\"e-con-inner\">\n\t\t\t\t<div class=\"elementor-element elementor-element-cc87404 elementor-widget elementor-widget-heading\" data-id=\"cc87404\" data-element_type=\"widget\" data-widget_type=\"heading.default\">\n\t\t\t\t<div class=\"elementor-widget-container\">\n\t\t\t\t\t<h2 class=\"elementor-heading-title elementor-size-default\">$18.8bn<\/h2>\t\t\t\t<\/div>\n\t\t\t\t<\/div>\n\t\t\t\t<div class=\"elementor-element elementor-element-f6c0e6c elementor-widget-divider--view-line elementor-widget elementor-widget-divider\" data-id=\"f6c0e6c\" data-element_type=\"widget\" data-widget_type=\"divider.default\">\n\t\t\t\t<div class=\"elementor-widget-container\">\n\t\t\t\t\t\t\t<div class=\"elementor-divider\">\n\t\t\t<span class=\"elementor-divider-separator\">\n\t\t\t\t\t\t<\/span>\n\t\t<\/div>\n\t\t\t\t\t\t<\/div>\n\t\t\t\t<\/div>\n\t\t\t\t<div class=\"elementor-element elementor-element-c09aaa0 elementor-widget elementor-widget-text-editor\" data-id=\"c09aaa0\" data-element_type=\"widget\" data-widget_type=\"text-editor.default\">\n\t\t\t\t<div class=\"elementor-widget-container\">\n\t\t\t\t\t\t\t\t\t<p>Verm\u00f6genswerte unter Verwaltung<\/p>\n\t\t\t\t\t\t\t\t<\/div>\n\t\t\t\t<\/div>\n\t\t\t\t\t<\/div>\n\t\t\t\t<\/div>\n\t\t<div class=\"elementor-element elementor-element-5b20049 e-flex e-con-boxed e-con e-child\" data-id=\"5b20049\" data-element_type=\"container\">\n\t\t\t\t\t<div class=\"e-con-inner\">\n\t\t\t\t<div class=\"elementor-element elementor-element-08a75b2 elementor-widget elementor-widget-heading\" data-id=\"08a75b2\" data-element_type=\"widget\" data-widget_type=\"heading.default\">\n\t\t\t\t<div class=\"elementor-widget-container\">\n\t\t\t\t\t<h2 class=\"elementor-heading-title elementor-size-default\">15+<\/h2>\t\t\t\t<\/div>\n\t\t\t\t<\/div>\n\t\t\t\t<div class=\"elementor-element elementor-element-0624baa elementor-widget-divider--view-line elementor-widget elementor-widget-divider\" data-id=\"0624baa\" data-element_type=\"widget\" data-widget_type=\"divider.default\">\n\t\t\t\t<div class=\"elementor-widget-container\">\n\t\t\t\t\t\t\t<div class=\"elementor-divider\">\n\t\t\t<span class=\"elementor-divider-separator\">\n\t\t\t\t\t\t<\/span>\n\t\t<\/div>\n\t\t\t\t\t\t<\/div>\n\t\t\t\t<\/div>\n\t\t\t\t<div class=\"elementor-element elementor-element-36b5767 elementor-widget elementor-widget-text-editor\" data-id=\"36b5767\" data-element_type=\"widget\" data-widget_type=\"text-editor.default\">\n\t\t\t\t<div class=\"elementor-widget-container\">\n\t\t\t\t\t\t\t\t\t<p>Portfolio-Manager &amp; Research-Analysten<\/p>\n\t\t\t\t\t\t\t\t<\/div>\n\t\t\t\t<\/div>\n\t\t\t\t\t<\/div>\n\t\t\t\t<\/div>\n\t\t<div class=\"elementor-element elementor-element-e38d01a e-flex e-con-boxed e-con e-child\" data-id=\"e38d01a\" data-element_type=\"container\">\n\t\t\t\t\t<div class=\"e-con-inner\">\n\t\t\t\t<div class=\"elementor-element elementor-element-e3b6a46 elementor-widget elementor-widget-heading\" data-id=\"e3b6a46\" data-element_type=\"widget\" data-widget_type=\"heading.default\">\n\t\t\t\t<div class=\"elementor-widget-container\">\n\t\t\t\t\t<h2 class=\"elementor-heading-title elementor-size-default\">400+<\/h2>\t\t\t\t<\/div>\n\t\t\t\t<\/div>\n\t\t\t\t<div class=\"elementor-element elementor-element-616f66c elementor-widget-divider--view-line elementor-widget elementor-widget-divider\" data-id=\"616f66c\" data-element_type=\"widget\" data-widget_type=\"divider.default\">\n\t\t\t\t<div class=\"elementor-widget-container\">\n\t\t\t\t\t\t\t<div class=\"elementor-divider\">\n\t\t\t<span class=\"elementor-divider-separator\">\n\t\t\t\t\t\t<\/span>\n\t\t<\/div>\n\t\t\t\t\t\t<\/div>\n\t\t\t\t<\/div>\n\t\t\t\t<div class=\"elementor-element elementor-element-7f3763f elementor-widget elementor-widget-text-editor\" data-id=\"7f3763f\" data-element_type=\"widget\" data-widget_type=\"text-editor.default\">\n\t\t\t\t<div class=\"elementor-widget-container\">\n\t\t\t\t\t\t\t\t\t<p>Mitarbeiter<\/p>\n\t\t\t\t\t\t\t\t<\/div>\n\t\t\t\t<\/div>\n\t\t\t\t\t<\/div>\n\t\t\t\t<\/div>\n\t\t\t\t\t<\/div>\n\t\t\t\t<\/div>\n\t\t\t\t\t<\/div>\n\t\t\t\t<\/div>\n\t\t<div class=\"elementor-element elementor-element-7f1c87e e-flex e-con-boxed e-con e-parent\" data-id=\"7f1c87e\" data-element_type=\"container\">\n\t\t\t\t\t<div class=\"e-con-inner\">\n\t\t<div class=\"elementor-element elementor-element-d0b7f4b e-flex e-con-boxed e-con e-child\" data-id=\"d0b7f4b\" data-element_type=\"container\">\n\t\t\t\t\t<div class=\"e-con-inner\">\n\t\t<div class=\"elementor-element elementor-element-d087a2f e-flex e-con-boxed e-con e-child\" data-id=\"d087a2f\" data-element_type=\"container\">\n\t\t\t\t\t<div class=\"e-con-inner\">\n\t\t\t\t<div class=\"elementor-element elementor-element-10980c2 elementor-widget elementor-widget-image\" data-id=\"10980c2\" data-element_type=\"widget\" data-widget_type=\"image.default\">\n\t\t\t\t<div class=\"elementor-widget-container\">\n\t\t\t\t\t\t\t\t\t\t\t\t\t\t\t<img decoding=\"async\" width=\"800\" height=\"800\" src=\"https:\/\/www.stability-power-banking.com\/wp-content\/uploads\/2024\/03\/business-people-using-a-tablet-1024x1024.jpg\" class=\"attachment-large size-large wp-image-1227\" alt=\"\" srcset=\"https:\/\/www.stability-power-banking.com\/wp-content\/uploads\/2024\/03\/business-people-using-a-tablet-1024x1024.jpg 1024w, https:\/\/www.stability-power-banking.com\/wp-content\/uploads\/2024\/03\/business-people-using-a-tablet-300x300.jpg 300w, https:\/\/www.stability-power-banking.com\/wp-content\/uploads\/2024\/03\/business-people-using-a-tablet-150x150.jpg 150w, https:\/\/www.stability-power-banking.com\/wp-content\/uploads\/2024\/03\/business-people-using-a-tablet-768x768.jpg 768w, https:\/\/www.stability-power-banking.com\/wp-content\/uploads\/2024\/03\/business-people-using-a-tablet-1536x1536.jpg 1536w, https:\/\/www.stability-power-banking.com\/wp-content\/uploads\/2024\/03\/business-people-using-a-tablet.jpg 2000w\" sizes=\"(max-width: 800px) 100vw, 800px\" \/>\t\t\t\t\t\t\t\t\t\t\t\t\t\t\t<\/div>\n\t\t\t\t<\/div>\n\t\t\t\t\t<\/div>\n\t\t\t\t<\/div>\n\t\t<div class=\"elementor-element elementor-element-f225a66 e-flex e-con-boxed e-con e-child\" data-id=\"f225a66\" data-element_type=\"container\">\n\t\t\t\t\t<div class=\"e-con-inner\">\n\t\t\t\t<div class=\"elementor-element elementor-element-8435d4c elementor-widget elementor-widget-heading\" data-id=\"8435d4c\" data-element_type=\"widget\" data-widget_type=\"heading.default\">\n\t\t\t\t<div class=\"elementor-widget-container\">\n\t\t\t\t\t<p class=\"elementor-heading-title elementor-size-default\">AUSGEW\u00c4HLTE STRATEGIE<\/p>\t\t\t\t<\/div>\n\t\t\t\t<\/div>\n\t\t\t\t<div class=\"elementor-element elementor-element-5e3ef45 elementor-widget elementor-widget-heading\" data-id=\"5e3ef45\" data-element_type=\"widget\" data-widget_type=\"heading.default\">\n\t\t\t\t<div class=\"elementor-widget-container\">\n\t\t\t\t\t<h2 class=\"elementor-heading-title elementor-size-default\">Verwaltungsstrategie f\u00fcr Volatilit\u00e4t<span><\/span><\/h2>\t\t\t\t<\/div>\n\t\t\t\t<\/div>\n\t\t\t\t<div class=\"elementor-element elementor-element-a91f02e elementor-widget elementor-widget-text-editor\" data-id=\"a91f02e\" data-element_type=\"widget\" data-widget_type=\"text-editor.default\">\n\t\t\t\t<div class=\"elementor-widget-container\">\n\t\t\t\t\t\t\t\t\t<p>Eine Options-Schreibstrategie, die darauf abzielt, einen gleichbleibenden Ertragsstrom zu liefern und die Auswirkungen der Marktvolatilit\u00e4t zu reduzieren.<\/p>\n<p><em>Alle Investitionen unterliegen Risiken, einschlie\u00dflich des Verlusts des Kapitals. Es gibt keine Garantie daf\u00fcr, dass die vorgestellte Anlagestrategie ihr beabsichtigtes Ergebnis erreichen wird. Die vergangene Leistung ist kein Indikator f\u00fcr zuk\u00fcnftige Ergebnisse.<\/em><\/p>\n\t\t\t\t\t\t\t\t<\/div>\n\t\t\t\t<\/div>\n\t\t\t\t<div class=\"elementor-element elementor-element-97f23ad elementor-align-left elementor-widget elementor-widget-button\" data-id=\"97f23ad\" data-element_type=\"widget\" data-widget_type=\"button.default\">\n\t\t\t\t<div class=\"elementor-widget-container\">\n\t\t\t\t\t\t\t\t\t<div class=\"elementor-button-wrapper\">\n\t\t\t\t\t<a class=\"elementor-button elementor-button-link elementor-size-sm\" href=\"https:\/\/www.stability-power-banking.com\/de\/kontaktiere-uns\/\">\n\t\t\t\t\t\t<span class=\"elementor-button-content-wrapper\">\n\t\t\t\t\t\t\t\t\t<span class=\"elementor-button-text\">Mehr \u203a<\/span>\n\t\t\t\t\t<\/span>\n\t\t\t\t\t<\/a>\n\t\t\t\t<\/div>\n\t\t\t\t\t\t\t\t<\/div>\n\t\t\t\t<\/div>\n\t\t\t\t\t<\/div>\n\t\t\t\t<\/div>\n\t\t\t\t\t<\/div>\n\t\t\t\t<\/div>\n\t\t\t\t\t<\/div>\n\t\t\t\t<\/div>\n\t\t<div class=\"elementor-element elementor-element-5c27b0e e-flex e-con-boxed e-con e-parent\" data-id=\"5c27b0e\" data-element_type=\"container\">\n\t\t\t\t\t<div class=\"e-con-inner\">\n\t\t\t\t<div class=\"elementor-element elementor-element-976fec3 elementor-widget elementor-widget-heading\" data-id=\"976fec3\" data-element_type=\"widget\" data-widget_type=\"heading.default\">\n\t\t\t\t<div class=\"elementor-widget-container\">\n\t\t\t\t\t<h3 class=\"elementor-heading-title elementor-size-default\">Wir freuen uns darauf, mehr \u00fcber Ihre finanziellen Ziele zu erfahren.<\/h3>\t\t\t\t<\/div>\n\t\t\t\t<\/div>\n\t\t\t\t<div class=\"elementor-element elementor-element-44799f1 elementor-align-center elementor-widget elementor-widget-button\" data-id=\"44799f1\" data-element_type=\"widget\" data-widget_type=\"button.default\">\n\t\t\t\t<div class=\"elementor-widget-container\">\n\t\t\t\t\t\t\t\t\t<div class=\"elementor-button-wrapper\">\n\t\t\t\t\t<a class=\"elementor-button elementor-button-link elementor-size-sm\" href=\"https:\/\/www.stability-power-banking.com\/de\/kontaktiere-uns\/\">\n\t\t\t\t\t\t<span class=\"elementor-button-content-wrapper\">\n\t\t\t\t\t\t\t\t\t<span class=\"elementor-button-text\">LASSEN SIE UNS SPRECHEN<\/span>\n\t\t\t\t\t<\/span>\n\t\t\t\t\t<\/a>\n\t\t\t\t<\/div>\n\t\t\t\t\t\t\t\t<\/div>\n\t\t\t\t<\/div>\n\t\t\t\t\t<\/div>\n\t\t\t\t<\/div>\n\t\t\t\t<\/div>\n\t\t","protected":false},"excerpt":{"rendered":"<p>Dazu beitragen, Portfolios zu verbessern. Strategien von institutioneller Qualit\u00e4t Stability Power Banking INVESTMENT MANAGEMENT Gezielte L\u00f6sungen Stability Power Banking &amp; Dynamic Star Solution Investment Management bietet gezielte Anlagel\u00f6sungen f\u00fcr Finanzberater an. Unsere Mission ist es, Finanzberater und Institutionen mit L\u00f6sungen zu unterst\u00fctzen, die \u00fcber dedizierte Kommunikations-, Vertriebs- und Due-Diligence-Ressourcen verf\u00fcgen. Mehr \u203a *12\/31\/2023 Stability Power [&hellip;]<\/p>\n","protected":false},"author":2,"featured_media":0,"parent":0,"menu_order":0,"comment_status":"closed","ping_status":"closed","template":"","meta":{"footnotes":""},"class_list":["post-1283","page","type-page","status-publish","hentry"],"_links":{"self":[{"href":"https:\/\/www.stability-power-banking.com\/de\/wp-json\/wp\/v2\/pages\/1283","targetHints":{"allow":["GET"]}}],"collection":[{"href":"https:\/\/www.stability-power-banking.com\/de\/wp-json\/wp\/v2\/pages"}],"about":[{"href":"https:\/\/www.stability-power-banking.com\/de\/wp-json\/wp\/v2\/types\/page"}],"author":[{"embeddable":true,"href":"https:\/\/www.stability-power-banking.com\/de\/wp-json\/wp\/v2\/users\/2"}],"replies":[{"embeddable":true,"href":"https:\/\/www.stability-power-banking.com\/de\/wp-json\/wp\/v2\/comments?post=1283"}],"version-history":[{"count":4,"href":"https:\/\/www.stability-power-banking.com\/de\/wp-json\/wp\/v2\/pages\/1283\/revisions"}],"predecessor-version":[{"id":1416,"href":"https:\/\/www.stability-power-banking.com\/de\/wp-json\/wp\/v2\/pages\/1283\/revisions\/1416"}],"wp:attachment":[{"href":"https:\/\/www.stability-power-banking.com\/de\/wp-json\/wp\/v2\/media?parent=1283"}],"curies":[{"name":"wp","href":"https:\/\/api.w.org\/{rel}","templated":true}]}}