{"id":1300,"date":"2024-03-05T12:56:15","date_gmt":"2024-03-05T12:56:15","guid":{"rendered":"https:\/\/backspace.agency\/mai\/offenlegung\/"},"modified":"2024-05-04T18:34:51","modified_gmt":"2024-05-04T18:34:51","slug":"offenlegung","status":"publish","type":"page","link":"https:\/\/www.stability-power-banking.com\/de\/offenlegung\/","title":{"rendered":"Offenlegung"},"content":{"rendered":"\t\t<div data-elementor-type=\"wp-page\" data-elementor-id=\"1300\" class=\"elementor elementor-1300 elementor-280\" data-elementor-post-type=\"page\">\n\t\t\t\t<div class=\"elementor-element elementor-element-7f300b3 e-flex e-con-boxed e-con e-parent\" data-id=\"7f300b3\" data-element_type=\"container\">\n\t\t\t\t\t<div class=\"e-con-inner\">\n\t\t\t\t<div class=\"elementor-element elementor-element-b0cbeb3 elementor-widget elementor-widget-text-editor\" data-id=\"b0cbeb3\" data-element_type=\"widget\" data-widget_type=\"text-editor.default\">\n\t\t\t\t<div class=\"elementor-widget-container\">\n\t\t\t\t\t\t\t\t\t<section id=\"\" class=\"policy_banner\"><div class=\"container\"><div class=\"page_title\"><h1><span style=\"color: #000000;\">Offenlegung<\/span><\/h1><\/div><\/div><\/section><section class=\"page_content\"><div class=\"container\"><div class=\"wrapper text_content\"><p class=\"p1\"><span class=\"s1\" style=\"color: #000000;\"><b>Website Gesch\u00e4ftsbedingungen<\/b><\/span><\/p><p>Die Website von Stability Power Banking Dynamic Solution dient nur zu Informationszwecken und stellt kein Angebot zum Verkauf, keine Aufforderung zum Kauf, keine Empfehlung oder kein Angebot zur Erbringung von Beratungs- oder anderen Dienstleistungen dar. Die Informationen auf dieser Website sollten nicht als Finanz- oder Anlageberatung zu einem beliebigen Thema ausgelegt werden.<\/p><p>Jede Person darf diese Seiten anzeigen, drucken und verlinken, sofern sie Folgendes beachtet:<\/p><p>Die Dokumente d\u00fcrfen nur f\u00fcr nicht kommerzielle Zwecke verwendet werden. Unsere Dokumente d\u00fcrfen nicht mit etwas verbunden werden, das illegal, unethisch oder unmoralisch ist. Unsere Dokumente d\u00fcrfen nur zu Informationszwecken verwendet werden. Alle in den Materialien pr\u00e4sentierten Bilder spiegeln keine Kunden oder Investoren wider, und diesen Personen wurde keine Entsch\u00e4digung f\u00fcr die Verwendung ihres Bildes gew\u00e4hrt. Es ist nicht bekannt, ob diese Personen mit Stability Power Banking Dynamic Solution vertraut sind oder unsere Dienstleistungen bef\u00fcrworten w\u00fcrden.<\/p><p>Informationen von Drittanbietern<\/p><p>Finanzmarktinformationen; Keine Gew\u00e4hr: Unser Drittanbieter stellt bestimmte Finanzmarktdaten, Kurse, Nachrichten, Forschungsergebnisse und Meinungen oder andere Finanzinformationen zur Verf\u00fcgung. Wir garantieren oder zertifizieren nicht die Richtigkeit, Vollst\u00e4ndigkeit, Aktualit\u00e4t oder korrekte Reihenfolge der \u00fcber uns, die Informationsanbieter oder andere Dritte \u00fcbermittelten Informationen (die &#8222;Informations\u00fcbermittler&#8220;) verf\u00fcgbaren Informationen.<\/p><p>Alle solche Informationen werden &#8222;wie besehen&#8220; und &#8222;wie verf\u00fcgbar&#8220; bereitgestellt. Sie erkl\u00e4ren sich damit einverstanden, dass weder wir noch einer der Informationsanbieter oder die Informations\u00fcbermittler in irgendeiner Weise f\u00fcr die Richtigkeit, Vollst\u00e4ndigkeit, Aktualit\u00e4t oder korrekte Reihenfolge der Informationen verantwortlich sind oder f\u00fcr Entscheidungen oder Handlungen, die Sie aufgrund der Informationen treffen, haftbar gemacht werden k\u00f6nnen. Sie erkl\u00e4ren sich weiterhin damit einverstanden, dass weder wir noch einer der Informationsanbieter oder die Informations\u00fcbermittler in irgendeiner Weise f\u00fcr die Unterbrechung von Daten, Informationen oder anderen Aspekten der elektronischen Dienste haftbar gemacht werden k\u00f6nnen. Sie verstehen, dass keine der Informationen (einschlie\u00dflich Forschungsberichte), die \u00fcber die elektronischen Dienste verf\u00fcgbar sind, eine Empfehlung oder Aufforderung darstellen, dass Sie einen bestimmten Service kaufen oder verkaufen sollten.<\/p><p>Einige Unternehmensnachrichten werden von Drittanbietern bereitgestellt und sind auf der Website \u00fcber Links zu Drittanbieterseiten verf\u00fcgbar. Durch Klicken auf einen Link verlassen Sie die Website. Mitarbeiter von Stability Power Banking Dynamic Solution k\u00f6nnen in den Inhalten von Drittanbietern zitiert werden. Stability Power Banking Dynamic Solution war jedoch nicht an der Erstellung, Annahme oder Bearbeitung der Inhalte von Drittanbietern beteiligt und billigt oder genehmigt solche Inhalte nicht ausdr\u00fccklich oder implizit. Die Inhalte von Drittanbietern werden auf der Grundlage von &#8222;Wie sie sind&#8220; bereitgestellt.<\/p><p>Die Inhalte dienen Informations- und\/oder Bildungszwecken und sollen keine steuerlichen, rechtlichen oder Anlageberatungen bieten. Sie sollten nicht als Angebot zum Verkauf, Aufforderung zum Kauf oder Empfehlung f\u00fcr irgendeine Wertpapier von Stability Power Banking Dynamic Solution ausgelegt werden. Wir unterst\u00fctzen keine Informationen in solchem Material. Des Weiteren kann Stability Power Banking Dynamic Solution nicht f\u00fcr deren Genauigkeit, Aktualit\u00e4t, Vollst\u00e4ndigkeit oder N\u00fctzlichkeit garantieren und ist nicht verantwortlich oder haftbar f\u00fcr solche Inhalte, einschlie\u00dflich Werbung, Produkte oder andere Materialien auf oder von Drittanbieter-Websites.<\/p><p>Zus\u00e4tzliche Informationen zu Auszeichnungen und Platzierungen:<\/p><p>In jedem der oben genannten F\u00e4lle hat Stability Power Banking Dynamic Solution an einer Umfrage der ausrichtenden Organisation teilgenommen. In keinem Fall zahlt Stability Power Banking Dynamic Solution eine Geb\u00fchr, um f\u00fcr eine Auszeichnung ber\u00fccksichtigt zu werden oder an Platzierungen teilzunehmen. Diese Bewertungen sollten nicht als eine Bef\u00fcrwortung des Beraters oder durch irgendeinen Kunden angesehen werden, noch repr\u00e4sentieren sie die Bewertung eines einzelnen Kunden. Dar\u00fcber hinaus ist Stability Power Banking Dynamic Solution nicht verpflichtet, ein Abonnent von Barron&#8217;s, Financial Times, Financial Advisor Magazine, Forbes oder einer anderen Gruppe zu sein, um in deren Rankings oder Auszeichnungen aufgenommen zu werden.<\/p><p>Um f\u00fcr das Ranking in Frage zu kommen, m\u00fcssen Unternehmen unabh\u00e4ngige registrierte Anlageberater sein, ihre eigene ADV-Erkl\u00e4rung bei der SEC einreichen und Finanzplanungs- und damit verbundene Dienstleistungen f\u00fcr Einzelkunden anbieten. Unternehmen m\u00fcssen zum Zeitpunkt des 31. Dezember 2022 mindestens 500 Millionen US-Dollar an verwaltetem Verm\u00f6gen haben, um in der gedruckten Ausgabe der RIA-Umfrage 2023 des Financial Advisor Magazine enthalten zu sein. Unternehmen mit weniger als 500 Millionen US-Dollar werden in der erweiterten Online-RIA-Umfrage von FA f\u00fcr 2023 ber\u00fccksichtigt. Stability Power Banking Dynamic Solution zahlt keine Geb\u00fchr, um f\u00fcr eine Auszeichnung ber\u00fccksichtigt zu werden oder an Rankings teilzunehmen. Allerdings zahlt Stability Power Banking Dynamic Solution 1.925 US-Dollar f\u00fcr die Marketingnutzung des Rankings des Financial Advisor Magazine RIA.<\/p><\/div><\/div><\/section>\t\t\t\t\t\t\t\t<\/div>\n\t\t\t\t<\/div>\n\t\t\t\t\t<\/div>\n\t\t\t\t<\/div>\n\t\t\t\t<\/div>\n\t\t","protected":false},"excerpt":{"rendered":"<p>Offenlegung Website Gesch\u00e4ftsbedingungen Die Website von Stability Power Banking Dynamic Solution dient nur zu Informationszwecken und stellt kein Angebot zum Verkauf, keine Aufforderung zum Kauf, keine Empfehlung oder kein Angebot zur Erbringung von Beratungs- oder anderen Dienstleistungen dar. Die Informationen auf dieser Website sollten nicht als Finanz- oder Anlageberatung zu einem beliebigen Thema ausgelegt werden. [&hellip;]<\/p>\n","protected":false},"author":2,"featured_media":0,"parent":0,"menu_order":0,"comment_status":"closed","ping_status":"closed","template":"","meta":{"footnotes":""},"class_list":["post-1300","page","type-page","status-publish","hentry"],"_links":{"self":[{"href":"https:\/\/www.stability-power-banking.com\/de\/wp-json\/wp\/v2\/pages\/1300","targetHints":{"allow":["GET"]}}],"collection":[{"href":"https:\/\/www.stability-power-banking.com\/de\/wp-json\/wp\/v2\/pages"}],"about":[{"href":"https:\/\/www.stability-power-banking.com\/de\/wp-json\/wp\/v2\/types\/page"}],"author":[{"embeddable":true,"href":"https:\/\/www.stability-power-banking.com\/de\/wp-json\/wp\/v2\/users\/2"}],"replies":[{"embeddable":true,"href":"https:\/\/www.stability-power-banking.com\/de\/wp-json\/wp\/v2\/comments?post=1300"}],"version-history":[{"count":6,"href":"https:\/\/www.stability-power-banking.com\/de\/wp-json\/wp\/v2\/pages\/1300\/revisions"}],"predecessor-version":[{"id":1498,"href":"https:\/\/www.stability-power-banking.com\/de\/wp-json\/wp\/v2\/pages\/1300\/revisions\/1498"}],"wp:attachment":[{"href":"https:\/\/www.stability-power-banking.com\/de\/wp-json\/wp\/v2\/media?parent=1300"}],"curies":[{"name":"wp","href":"https:\/\/api.w.org\/{rel}","templated":true}]}}