{"id":1312,"date":"2024-03-05T13:01:46","date_gmt":"2024-03-05T13:01:46","guid":{"rendered":"https:\/\/backspace.agency\/mai\/datenschutzrichtlinie\/"},"modified":"2024-05-04T18:36:44","modified_gmt":"2024-05-04T18:36:44","slug":"datenschutzrichtlinie","status":"publish","type":"page","link":"https:\/\/www.stability-power-banking.com\/de\/datenschutzrichtlinie\/","title":{"rendered":"Datenschutzrichtlinie"},"content":{"rendered":"\t\t<div data-elementor-type=\"wp-page\" data-elementor-id=\"1312\" class=\"elementor elementor-1312 elementor-283\" data-elementor-post-type=\"page\">\n\t\t\t\t<div class=\"elementor-element elementor-element-52f336f e-flex e-con-boxed e-con e-parent\" data-id=\"52f336f\" data-element_type=\"container\">\n\t\t\t\t\t<div class=\"e-con-inner\">\n\t\t\t\t<div class=\"elementor-element elementor-element-dccd7b9 elementor-widget elementor-widget-text-editor\" data-id=\"dccd7b9\" data-element_type=\"widget\" data-widget_type=\"text-editor.default\">\n\t\t\t\t<div class=\"elementor-widget-container\">\n\t\t\t\t\t\t\t\t\t<section id=\"\" class=\"policy_banner\"><div class=\"container\"><div class=\"page_title\"><h1>Datenschutzrichtlinie<\/h1><\/div><\/div><\/section><section class=\"page_content\"><div class=\"container\"><div class=\"wrapper text_content\"><p class=\"p1\"><span class=\"s1\">Stability Power Banking &amp; Dynamic Star Solution LLC (\u201cStability Power Banking\u201d \u201cwir\u201d \u201cuns\u201d oder \u201cunser\u201d) re<\/span><\/p><p class=\"p1\"><span class=\"s1\">Nur Sie oder ein registrierter Agent (nur wenn und soweit gesetzlich zul\u00e4ssig), den Sie autorisieren, in Ihrem Namen zu handeln, k\u00f6nnen eine \u00fcberpr\u00fcfbare Verbraucheranfrage bez\u00fcglich Ihrer pers\u00f6nlichen Informationen stellen. Wenn Sie einen registrierten Agenten in Ihrem Namen handeln lassen, haben wir das Recht, die Autorit\u00e4t eines solchen Agenten zu authentifizieren. Sie k\u00f6nnen innerhalb eines 12-Monats-Zeitraums nur zweimal eine \u00fcberpr\u00fcfbare Verbraucheranfrage f\u00fcr den Zugang oder die Daten\u00fcbertragbarkeit stellen. Ohne die vorherige Einschr\u00e4nkung zu begrenzen, muss die \u00fcberpr\u00fcfbare Verbraucheranfrage:<\/span><\/p><ul class=\"ul1\"><li class=\"li2\"><span class=\"s1\">Ausreichende Informationen bereitstellen, die es uns erm\u00f6glichen, vern\u00fcnftigerweise zu verifizieren, ob Sie die Person sind, \u00fcber die wir pers\u00f6nliche Informationen gesammelt haben, oder ein autorisierter Vertreter.<\/span><\/li><li class=\"li2\"><span class=\"s1\">Ihre Anfrage mit ausreichenden Details beschreiben, die es uns erlauben, sie ordnungsgem\u00e4\u00df zu verstehen, zu bewerten und darauf zu reagieren.<\/span><\/li><\/ul><p class=\"p1\"><span class=\"s1\">Wir k\u00f6nnen auf Ihre Anfrage nicht reagieren oder Ihnen pers\u00f6nliche Informationen zur Verf\u00fcgung stellen, wenn wir Ihre Identit\u00e4t oder Autorit\u00e4t, die Anfrage zu stellen, nicht verifizieren k\u00f6nnen und best\u00e4tigen, dass die pers\u00f6nlichen Informationen zu Ihnen geh\u00f6ren. Eine \u00fcberpr\u00fcfbare Verbraucheranfrage erfordert nicht, dass Sie ein Konto bei uns erstellen. <\/span><\/p><p class=\"p1\"><span class=\"s1\">Nur Sie oder ein registrierter Agent, den Sie autorisieren, in Ihrem Namen zu handeln, d\u00fcrfen eine \u00fcberpr\u00fcfbare Verbraucheranfrage bez\u00fcglich Ihrer pers\u00f6nlichen Informationen stellen. Wenn Sie einen registrierten Agenten in Ihrem Namen handeln lassen, haben wir das Recht, die Autorit\u00e4t eines solchen Agenten zu authentifizieren. Sie d\u00fcrfen innerhalb eines Zeitraums von 12 Monaten bis zu zwei \u00fcberpr\u00fcfbare Verbraucheranfragen bez\u00fcglich des Zugriffs oder der Daten\u00fcbertragbarkeit stellen. Die \u00fcberpr\u00fcfbare Verbraucheranfrage muss:<\/span><\/p><ul class=\"ul1\"><li class=\"li2\"><span class=\"s1\">Ausreichende Informationen bereitstellen, die es uns erm\u00f6glichen, vern\u00fcnftigerweise zu verifizieren, dass Sie die Person sind, \u00fcber die wir pers\u00f6nliche Informationen gesammelt haben, oder ein autorisierter Vertreter.<\/span><\/li><li class=\"li2\"><span class=\"s1\">Ihre Anfrage mit ausreichend Details beschreiben, die es uns erm\u00f6glichen, sie ordnungsgem\u00e4\u00df zu verstehen, zu bewerten und darauf zu reagieren.<\/span><\/li><\/ul><p class=\"p1\"><span class=\"s1\">Wir k\u00f6nnen auf Ihre Anfrage nicht reagieren oder Ihnen pers\u00f6nliche Informationen zur Verf\u00fcgung stellen, wenn wir Ihre Identit\u00e4t oder Befugnis zur Stellung der Anfrage nicht verifizieren k\u00f6nnen und best\u00e4tigen, dass die pers\u00f6nlichen Informationen zu Ihnen geh\u00f6ren. Die Stellung einer \u00fcberpr\u00fcfbaren Verbraucheranfrage erfordert nicht, dass Sie ein Konto bei uns erstellen. Wir werden pers\u00f6nliche Informationen, die in einer \u00fcberpr\u00fcfbaren Verbraucheranfrage bereitgestellt werden, nur verwenden, um die Identit\u00e4t oder Autorit\u00e4t des Antragstellers zu verifizieren, um die Anfrage zu stellen.<\/span><\/p><p class=\"p1\"><span class=\"s1\"><b>Antwortzeit und -format.<\/b> Wir bem\u00fchen uns, innerhalb von 45 Tagen nach Erhalt einer \u00fcberpr\u00fcfbaren Verbraucheranfrage zu antworten, und in jedem Fall werden wir Ihnen innerhalb des gesetzlich vorgeschriebenen Zeitrahmens antworten. Wir erheben keine Geb\u00fchr, um Ihre \u00fcberpr\u00fcfbare Verbraucheranfrage zu bearbeiten oder darauf zu antworten, es sei denn, sie ist \u00fcberm\u00e4\u00dfig, wiederholend oder offensichtlich unbegr\u00fcndet. Falls wir feststellen, dass die Anfrage eine Geb\u00fchr rechtfertigt, werden wir Ihnen mitteilen, warum wir zu dieser Entscheidung gekommen sind und Ihnen eine Kostensch\u00e4tzung vor der Bearbeitung Ihrer Anfrage zur Verf\u00fcgung stellen.<\/span><\/p><p class=\"p1\"><span class=\"s1\"><b>6. GENAUIGKEIT UND SICHERHEIT<\/b><\/span><\/p><p class=\"p1\"><span class=\"s1\">Die von Ihnen zur Verf\u00fcgung gestellten pers\u00f6nlichen Daten sollten relevant f\u00fcr die Zwecke sein, f\u00fcr die sie verwendet werden sollen, und soweit f\u00fcr diese Zwecke notwendig, genau, vollst\u00e4ndig und aktuell sein.<\/span><\/p><p class=\"p1\"><span class=\"s1\">Wir haben angemessene und geeignete technische, physische und organisatorische Verfahren und Sicherheitsma\u00dfnahmen eingef\u00fchrt, um pers\u00f6nliche Informationen vor unbefugtem Verlust, Missbrauch, Zugriff, Offenlegung und Verarbeitung zu sch\u00fctzen und zu sichern, wobei die Kosten f\u00fcr die Implementierung solcher Ma\u00dfnahmen im Verh\u00e4ltnis zu den durch die jeweilige Art der Verarbeitung entstehenden Risiken, der Art der pers\u00f6nlichen Informationen und in \u00dcbereinstimmung mit dem geltenden Recht angemessen sind. Wir sch\u00e4tzen Ihr Vertrauen, das Sie uns entgegenbringen, indem Sie uns Ihre Informationen zur Verf\u00fcgung stellen; jedoch ist keine Methode der \u00dcbertragung \u00fcber das Internet oder Methode der elektronischen Speicherung 100% sicher und zuverl\u00e4ssig. Wir k\u00f6nnen die Sicherheit der gesammelten Informationen nicht garantieren.<\/span><\/p><p class=\"p1\"><span class=\"s1\">Wir beschr\u00e4nken den Zugang zu unseren Systemen, die pers\u00f6nliche Informationen enthalten, auf autorisiertes Personal, und dieser Zugang ist auf diejenigen Mitarbeiter beschr\u00e4nkt, die diese Informationen zur Ausf\u00fchrung ihrer Arbeitsfunktion oder wie sonst in diesen Datenschutzhinweisen erlaubt ben\u00f6tigen.<\/span><\/p><p class=\"p1\"><span class=\"s1\"><b>7. KINDER<\/b><\/span><\/p><p class=\"p1\"><span class=\"s1\">Die Seite richtet sich nicht an Kinder unter 16 Jahren. Stability Power Banking sammelt wissentlich keine Informationen von Kindern unter 16 Jahren \u00fcber die Seite.<\/span><\/p><p class=\"p1\"><span class=\"s1\"><b>8. WEBSITES DRITTER<\/b><\/span><\/p><p class=\"p1\"><span class=\"s1\">Die Seite kann Links zu oder von Websites enthalten oder verlinkt sein, die nicht von Stability Power Banking verwaltet oder kontrolliert werden. Stability Power Banking ist nicht verantwortlich f\u00fcr die Datenschutzpraktiken oder -inhalte von Dritten oder von Websites Dritter, Anwendungen oder Diensten. Diese Datenschutzhinweise gelten nicht f\u00fcr Websites, Anwendungen oder Dienste Dritter oder f\u00fcr irgendwelche pers\u00f6nlichen oder anderen Informationen, die Sie an Dritte weitergeben m\u00f6gen. Wir ermutigen Sie, die Datenschutzrichtlinie jeder Website, Anwendung oder jedes Dienstes, die oder den Sie besuchen oder nutzen, zu lesen.<\/span><\/p><p class=\"p1\"><span class=\"s1\"><b>9. GLBA-NICHT-\u00d6FFENTLICHE INFORMATIONEN DATENSCHUTZHINWEIS<\/b><\/span><\/p><p class=\"p1\"><span class=\"s1\">Dieser GLBA-Nicht-\u00d6ffentliche Informationen Datenschutzhinweis gilt f\u00fcr unsere Sammlung und Datenverwendungspraktiken in Bezug auf nicht-\u00f6ffentliche pers\u00f6nliche Informationen unserer Kunden und Verbraucher, einschlie\u00dflich beispielsweise der Informationen, die Sie uns zur Verf\u00fcgung stellen und die wir gem\u00e4\u00df Finanzprodukten und -dienstleistungen, die wir Ihnen anbieten, sammeln. Zus\u00e4tzlich gilt dieser GLBA-Nicht-\u00d6ffentliche Informationen Datenschutzhinweis f\u00fcr unsere Verbraucher und Kunden (z. B. diejenigen, die Finanzprodukte oder -dienstleistungen von uns erhalten haben oder erhalten oder die eine fortlaufende Beziehung mit uns haben).<\/span><\/p><p class=\"p1\"><span class=\"s1\">F\u00fcr Informationen bez\u00fcglich unserer Sammlung und Datenverwendungspraktiken, die au\u00dferhalb des Geltungsbereichs dieses GLBA-Nicht-\u00d6ffentliche Informationen Datenschutzhinweises liegen, siehe den Rest der Datenschutzhinweise oben.<\/span><\/p><p class=\"p1\"><span class=\"s1\">Bei Stability Power Banking kommen die Interessen unserer Kunden immer an erster Stelle. Als Teil der Tradition unseres Unternehmens der Vertrauensw\u00fcrdigkeit ist die Vertraulichkeit von Kundeninformationen von h\u00f6chster Wichtigkeit. Wir halten hohe Standards ein, um Ihre pers\u00f6nlichen Finanzinformationen jederzeit zu sch\u00fctzen und werden wachsam bleiben, um diese Informationen zu sch\u00fctzen.<\/span><\/p><p class=\"p1\"><span class=\"s1\">Stability Power Banking hat Beziehungen zu vielen individuellen Kunden aufgebaut. Zus\u00e4tzlich dient Stability Power Banking als Manager und Anlageberater f\u00fcr die Stability Power Banking-Fonds (n\u00e4her beschrieben unten). In allen F\u00e4llen sammeln wir pers\u00f6nliche Finanzinformationen, die wesentlich sind, um effiziente, personalisierte Dienstleistungen anzubieten und um alle gesetzlichen und regulatorischen Anforderungen zu erf\u00fcllen.<\/span><\/p><p class=\"p1\"><span class=\"s1\">Wir vermieten oder verkaufen Ihren Namen oder andere pers\u00f6nliche Finanzinformationen niemals. Wir teilen bestimmte Informationen nur mit Unternehmen, die nicht zu unserer Unternehmensgruppe geh\u00f6ren (\u201cnicht verbundene Dritte\u201d), wie gesetzlich erlaubt, um Ihren finanziellen Bed\u00fcrfnissen zu dienen. Die Empf\u00e4nger dieser Informationen sind verpflichtet, die Vertraulichkeit und Sicherheit dieser Informationen zu sch\u00fctzen und d\u00fcrfen diese nicht f\u00fcr andere Zwecke wiederverwenden. Informationen werden nicht mit irgendeiner dritten Partei geteilt, au\u00dfer unter einer Vereinbarung, die Offenlegung oder Nutzung der Informationen au\u00dfer zur Durchf\u00fchrung der Dienstleistungsbeziehung untersagt.<\/span><\/p><p class=\"p4\"><span class=\"s1\"><b>FRAGEN UND ANTWORTEN \u00dcBER DIE DATENSCHUTZPRAXIS VON Stability Power Banking.<\/b><\/span><\/p><p class=\"p1\"><span class=\"s1\"><b>Wie sch\u00fctzen wir die Vertraulichkeit, Sicherheit und Integrit\u00e4t Ihrer Informationen?<\/b><\/span><\/p><ul class=\"ul1\"><li class=\"li2\"><span class=\"s1\">Wir beschr\u00e4nken den Zugang zu Ihren pers\u00f6nlichen Finanzinformationen auf Mitarbeiter, die diese Informationen ben\u00f6tigen, um Ihnen unsere Produkte und Dienstleistungen anzubieten. Wir fordern au\u00dferdem alle Mitarbeiter auf, ihre Kenntnisnahme und \u00dcberpr\u00fcfung unserer Datenschutzrichtlinien zu best\u00e4tigen.<\/span><\/li><li class=\"li2\"><span class=\"s1\">Richtlinien und Verfahren. Wir halten und \u00fcberwachen unsere physischen, elektronischen und verfahrenstechnischen Schutzma\u00dfnahmen aktuell, um Ihre pers\u00f6nlichen Informationen zu sch\u00fctzen.<\/span><\/li><li class=\"li2\"><span class=\"s1\">Wir verwenden Sicherheits- und Verschl\u00fcsselungsmethoden, um uns bei der Identifizierung und Pr\u00e4vention potenzieller Datenverletzungen und unautorisierten Offenlegungen Ihrer pers\u00f6nlichen Finanzinformationen zu helfen.<\/span><\/li><\/ul><p>ensw\u00fcrdigkeit ist die Vertraulichkeit der Kundeninformationen von gr\u00f6\u00dfter Bedeutung. Wir halten hohe Standards zum Schutz Ihrer pers\u00f6nlichen Finanzinformationen zu allen Zeiten und bleiben wachsam beim Schutz dieser Informationen.<\/p><p class=\"p1\"><span class=\"s1\">Stability Power Banking hat Beziehungen zu vielen individuellen Kunden aufgebaut. Zus\u00e4tzlich fungiert Stability Power Banking als Manager und Anlageberater f\u00fcr die Stability Power Banking Fonds (n\u00e4her beschrieben unten). In allen F\u00e4llen sammeln wir pers\u00f6nliche Finanzinformationen, die wesentlich sind, um effiziente, personalisierte Dienstleistungen anzubieten und alle gesetzlichen und regulatorischen Anforderungen zu erf\u00fcllen.<\/span><\/p><p class=\"p1\"><span class=\"s1\">Wir verleihen oder verkaufen niemals Ihren Namen oder andere pers\u00f6nliche Finanzinformationen. Wir teilen bestimmte Informationen nur mit Unternehmen, die nicht zu unserer Unternehmensgruppe geh\u00f6ren (\u201cnicht verbundene Dritte\u201d), wie gesetzlich erlaubt, um Ihren finanziellen Bed\u00fcrfnissen gerecht zu werden. Die Empf\u00e4nger dieser Informationen sind verpflichtet, die Vertraulichkeit und Sicherheit dieser Informationen zu sch\u00fctzen und d\u00fcrfen sie nicht f\u00fcr andere Zwecke wiederverwenden. Informationen werden mit keiner dritten Partei geteilt, au\u00dfer unter einer Vereinbarung, die die Offenlegung oder Nutzung der Informationen, au\u00dfer zur Durchf\u00fchrung der Dienstleistungsbeziehung, verbietet.<\/span><\/p><p class=\"p4\"><span class=\"s1\"><b>FRAGEN UND ANTWORTEN ZU DEN DATENSCHUTZPRAXEN VON Stability Power Banking.<\/b><\/span><\/p><p class=\"p1\"><span class=\"s1\"><b>Wie sch\u00fctzen wir die Vertraulichkeit, Sicherheit und Integrit\u00e4t Ihrer Informationen?<\/b><\/span><\/p><ul class=\"ul1\"><li class=\"li2\"><span class=\"s1\">Wir beschr\u00e4nken den Zugang zu Ihren pers\u00f6nlichen Finanzinformationen auf Personal, das diese Informationen ben\u00f6tigt, um Ihnen unsere Produkte und Dienstleistungen anzubieten. Wir verlangen auch, dass alle Mitarbeiter ihre Kenntnisnahme und \u00dcberpr\u00fcfung unserer Datenschutzrichtlinien best\u00e4tigen.<\/span><\/li><li class=\"li2\"><span class=\"s1\">Richtlinien und Verfahren. Wir halten und \u00fcberwachen unsere physischen, elektronischen und verfahrenstechnischen Sicherheitsvorkehrungen auf dem neuesten Stand, um Ihre pers\u00f6nlichen Informationen zu sch\u00fctzen.<\/span><\/li><li class=\"li2\"><span class=\"s1\">Wir verwenden Sicherheits- und Verschl\u00fcsselungsmethoden, um uns bei der Identifizierung und Verhinderung potenzieller Datenverletzungen und der unautorisierten Offenlegung Ihrer pers\u00f6nlichen Finanzinformationen zu helfen.<\/span><\/li><\/ul><p class=\"p1\"><span class=\"s1\"><b>Welche Arten von Informationen sammeln wir \u00fcber Sie und aus welchen Quellen?<\/b><\/span><\/p><p class=\"p1\"><span class=\"s1\">Abh\u00e4ngig von der Art Ihrer Beziehung zu uns m\u00fcssen wir bestimmte Informationen erfassen, um gesetzlichen und regulatorischen Anforderungen gerecht zu werden. Wir sammeln nur pers\u00f6nliche Finanzinformationen, die entweder erforderlich oder notwendig sind, um personalisierte Finanzdienstleistungen f\u00fcr Sie bereitzustellen. Zum Beispiel k\u00f6nnen wir Informationen \u00fcber Sie aus Ihrer Anwendung oder anderen Formularen sammeln, wie Ihren Namen, Ihre Adresse, Ihre Sozialversicherungsnummer, Ihre Telefonnummer und Ihr Einkommen. Wir k\u00f6nnen Informationen \u00fcber Ihre Investitionen aus Transaktionen mit uns oder den Stability Power Banking Fonds sammeln. Schlie\u00dflich k\u00f6nnen wir in Bezug auf Investoren in den Stability Power Banking Fonds Informationen aus Zeichnungsvereinbarungen, Investorenfrageb\u00f6gen oder anderen Fondsunterlagen oder -aussagen sammeln, wie Ihren Namen, Ihre Adresse, Ihre Sozialversicherungsnummer, Ihre Telefonnummer, Ihr Einkommen und den investierten Betrag sowie Kapitalkontost\u00e4nde in solchen Stability Power Banking Fonds.<\/span><\/p><p class=\"p1\"><span class=\"s1\"><b>Welche Informationen geben wir \u00fcber Sie preis und an wen?<\/b><\/span><\/p><p class=\"p1\"><span class=\"s1\">Wir k\u00f6nnen einige oder alle Ihre pers\u00f6nlichen Informationen an unsere Konzerngesellschaften weitergeben, falls vorhanden. Wir tun dies, um Ihnen eine breite Palette von Produkten und Dienstleistungen anzubieten und um gesetzliche Vorschriften einzuhalten.<\/span><\/p><p class=\"p1\"><span class=\"s1\">Stability Power Banking wird nach Bedarf verschiedene Dienstleistungen von externen Anbietern nutzen, die nicht verbundene Dritte sind. Wir nutzen diese externen Anbieter, um die finanziellen Produkte und Dienstleistungen zu unterst\u00fctzen, die wir Ihnen anbieten. Zum Beispiel stellen wir Informationen f\u00fcr Finanzdienstleister wie Broker-Dealer, Depotbanken oder Banken bereit. Wir stellen Informationen f\u00fcr andere Dienstleister bereit, wie Anw\u00e4lte, Buchhalter, Wirtschaftspr\u00fcfer und externe Anbieter, die uns beim Drucken und Versenden von Kontoausz\u00fcgen helfen. Diese Parteien m\u00fcssen sich an strenge Sicherheits- und Datenschutzrichtlinien halten. Ihre F\u00e4higkeit, die pers\u00f6nlichen Finanzinformationen unserer Kunden zu sch\u00fctzen, ist ein wichtiger Faktor in unserer Beziehung zu ihnen. In Bezug auf Investoren in den Stability Power Banking Fonds k\u00f6nnen Informationen zus\u00e4tzlich zu externen Anbietern auch mit anderen Investoren in den Stability Power Banking Fonds im Zusammenhang mit Abschlussdokumentationen, Finanzberichten oder anderen Berichten oder Investorenkommunikationen geteilt werden.<\/span><\/p><p class=\"p1\"><span class=\"s1\">Wir k\u00f6nnen auch Informationen an nicht verbundene Dritte oder an Regierungsbeh\u00f6rden und Regulierungsorganisationen weitergeben, wie gesetzlich erlaubt oder erforderlich.<\/span><\/p><p class=\"p1\"><span class=\"s1\"><b>Welche Informationen geben wir \u00fcber ehemalige Kunden preis und an wen?<\/b><\/span><\/p><p class=\"p1\"><span class=\"s1\">Unsere Datenschutzrichtlinie gilt weiterhin f\u00fcr alle ehemaligen Kunden. Wir k\u00f6nnen einige oder alle pers\u00f6nlichen Informationen eines ehemaligen Kunden an Regierungsbeh\u00f6rden und Regulierungsorganisationen weitergeben, wenn dies gesetzlich erlaubt oder erforderlich ist, beispielsweise um gesetzlichen Pr\u00fcfungen, Vorladungen und anderen offiziellen beh\u00f6rdlichen Anfragen nachzukommen.<\/span><\/p><p class=\"p1\"><span class=\"s1\"><b>Gilt diese Datenschutzrichtlinie f\u00fcr Investoren in den Stability Power Banking Fonds?<\/b> Ja. Stability Power Banking bietet Anlageberatungsdienste f\u00fcr mehrere investitionsbezogene Fonds an (zusammen die \u201eStability Power Banking Fonds\u201c), Stability Power Banking fungiert auch als Manager dieser Fonds. Dementsprechend werden die Stability Power Banking Fonds dieser Datenschutzrichtlinie in Bezug auf die pers\u00f6nlichen Finanzinformationen ihrer Investoren in demselben Umfang folgen, wie diese Datenschutzrichtlinie und unsere Datenschutzpolitik auf Kunden von Stability Power Banking anwendbar sind.<\/span><\/p><p class=\"p1\"><span class=\"s1\"><b>Gilt diese Datenschutzrichtlinie f\u00fcr potenzielle Kunden des Unternehmens?<\/b> Ja. Wir behandeln alle Informationen, die wir von potenziellen Kunden erhalten, auf die gleiche Weise.<\/span><\/p><p class=\"p1\"><span class=\"s1\"><b>10. KONTAKTIEREN SIE UNS<\/b><\/span><\/p><p class=\"p1\"><span class=\"s1\">Wenn Sie Fragen zu dieser Datenschutzrichtlinie oder unserer Sammlung, Nutzung oder Offenlegung von Informationen haben, k\u00f6nnen Sie uns \u00fcber die unten angegebenen Informationen kontaktieren:<\/span><\/p><p class=\"p1\"><span class=\"s1\"><b>Stability Power Banking &amp; Dynamic Star Solution LLC<\/b><\/span><\/p><\/div><\/div><\/section>\t\t\t\t\t\t\t\t<\/div>\n\t\t\t\t<\/div>\n\t\t\t\t\t<\/div>\n\t\t\t\t<\/div>\n\t\t\t\t<\/div>\n\t\t","protected":false},"excerpt":{"rendered":"<p>Datenschutzrichtlinie Stability Power Banking &amp; Dynamic Star Solution LLC (\u201cStability Power Banking\u201d \u201cwir\u201d \u201cuns\u201d oder \u201cunser\u201d) re Nur Sie oder ein registrierter Agent (nur wenn und soweit gesetzlich zul\u00e4ssig), den Sie autorisieren, in Ihrem Namen zu handeln, k\u00f6nnen eine \u00fcberpr\u00fcfbare Verbraucheranfrage bez\u00fcglich Ihrer pers\u00f6nlichen Informationen stellen. Wenn Sie einen registrierten Agenten in Ihrem Namen handeln [&hellip;]<\/p>\n","protected":false},"author":2,"featured_media":0,"parent":0,"menu_order":0,"comment_status":"closed","ping_status":"closed","template":"","meta":{"footnotes":""},"class_list":["post-1312","page","type-page","status-publish","hentry"],"_links":{"self":[{"href":"https:\/\/www.stability-power-banking.com\/de\/wp-json\/wp\/v2\/pages\/1312","targetHints":{"allow":["GET"]}}],"collection":[{"href":"https:\/\/www.stability-power-banking.com\/de\/wp-json\/wp\/v2\/pages"}],"about":[{"href":"https:\/\/www.stability-power-banking.com\/de\/wp-json\/wp\/v2\/types\/page"}],"author":[{"embeddable":true,"href":"https:\/\/www.stability-power-banking.com\/de\/wp-json\/wp\/v2\/users\/2"}],"replies":[{"embeddable":true,"href":"https:\/\/www.stability-power-banking.com\/de\/wp-json\/wp\/v2\/comments?post=1312"}],"version-history":[{"count":8,"href":"https:\/\/www.stability-power-banking.com\/de\/wp-json\/wp\/v2\/pages\/1312\/revisions"}],"predecessor-version":[{"id":1501,"href":"https:\/\/www.stability-power-banking.com\/de\/wp-json\/wp\/v2\/pages\/1312\/revisions\/1501"}],"wp:attachment":[{"href":"https:\/\/www.stability-power-banking.com\/de\/wp-json\/wp\/v2\/media?parent=1312"}],"curies":[{"name":"wp","href":"https:\/\/api.w.org\/{rel}","templated":true}]}}